{"id":3,"date":"2025-08-05T00:07:32","date_gmt":"2025-08-05T00:07:32","guid":{"rendered":"https:\/\/leblanclacroixcpa.ca\/?page_id=3"},"modified":"2025-12-04T16:53:35","modified_gmt":"2025-12-04T16:53:35","slug":"privacy-policy","status":"publish","type":"page","link":"https:\/\/leblanclacroixcpa.ca\/fr\/privacy-policy\/","title":{"rendered":"Politique de confidentialit\u00e9 \u2013 LeBlanc Lacroix CPA"},"content":{"rendered":"<h2 class=\"wp-block-heading\">Derni\u00e8re mise \u00e0 jour : 2025-12-04<\/h2>\n\n\n\n<p>Chez LeBlanc Lacroix CPA nous nous engageons \u00e0 prot\u00e9ger la confidentialit\u00e9 des renseignements personnels conform\u00e9ment \u00e0 la Loi sur la protection des renseignements personnels et les documents \u00e9lectroniques (LPRPDE \/ PIPEDA).<\/p>\n\n\n\n<p>Derni\u00e8re mise \u00e0 jour : 2025-12-04<\/p>\n\n\n\n<h3 class=\"wp-block-heading\">1. Objectif<\/h3>\n\n\n\n<p>Cette politique d\u00e9crit comment nous recueillons, utilisons, divulguons et prot\u00e9geons les renseignements personnels dans le cadre de la prestation de services comptables, fiscaux et de conseil.<\/p>\n\n\n\n<h3 class=\"wp-block-heading\">2. Collecte des renseignements personnels<\/h3>\n\n\n\n<p>Nous recueillons des renseignements personnels tels que :<\/p>\n\n\n\n<ul class=\"wp-block-list\">\n<li>-\tNom complet, adresse, num\u00e9ro de t\u00e9l\u00e9phone et courriel<\/li>\n\n\n\n<li>-\tNum\u00e9ro d\u2019assurance sociale (NAS), dossiers financiers, documents fiscaux<\/li>\n\n\n\n<li>-\tInformations bancaires (pour le paiement ou la d\u00e9claration fiscale)<\/li>\n\n\n\n<li>-\tD\u00e9tails sur l\u2019emploi et les revenus<\/li>\n<\/ul>\n\n\n\n<p>** Pour les fins du site Web, nous obtenons seulement les renseignements suivants afin de communiquer avec vous.<\/p>\n\n\n\n<ul class=\"wp-block-list\">\n<li>-\tNom complet, adresse, num\u00e9ro de t\u00e9l\u00e9phone et courriel<br><br><\/li>\n<\/ul>\n\n\n\n<h3 class=\"wp-block-heading\">3. Objectif de la collecte<\/h3>\n\n\n\n<p>Nous recueillons des renseignements personnels pour :<\/p>\n\n\n\n<ul class=\"wp-block-list\">\n<li>-\tFournir des services comptables et fiscaux<\/li>\n\n\n\n<li>-\tPr\u00e9parer et soumettre les d\u00e9clarations fiscales<\/li>\n\n\n\n<li>-\tCommuniquer avec les clients<\/li>\n\n\n\n<li>-\tRespecter les obligations l\u00e9gales et r\u00e9glementaires<\/li>\n<\/ul>\n\n\n\n<h3 class=\"wp-block-heading\">4. Consentement<\/h3>\n\n\n\n<p>Dans la mesure du possible, nous obtenons le consentement explicite avant de recueillir, utiliser ou divulguer des renseignements personnels, sauf lorsque la loi le permet ou l'exige.<\/p>\n\n\n\n<h3 class=\"wp-block-heading\">5. Utilisation et divulgation<\/h3>\n\n\n\n<p>Les renseignements personnels sont utilis\u00e9s uniquement aux fins identifi\u00e9es ci-bas. Nous pouvons divulguer des informations \u00e0 :<\/p>\n\n\n\n<ul class=\"wp-block-list\">\n<li>-\tOrganismes gouvernementaux (ex. : ARC)<\/li>\n\n\n\n<li>-\tFournisseurs de services tiers (ex. : Portail s\u00e9curis\u00e9 d\u2019\u00e9change de documents)<\/li>\n\n\n\n<li>-\tAutorit\u00e9s l\u00e9gales ou r\u00e9glementaires lorsque requis<\/li>\n<\/ul>\n\n\n\n<h3 class=\"wp-block-heading\">6. Protection et s\u00e9curit\u00e9<\/h3>\n\n\n\n<p>Nous mettons en \u0153uvre des mesures de protection appropri\u00e9es pour s\u00e9curiser les renseignements personnels, notamment :<\/p>\n\n\n\n<ul class=\"wp-block-list\">\n<li>-\tStockage physique et num\u00e9rique s\u00e9curis\u00e9<\/li>\n\n\n\n<li>-\tAcc\u00e8s restreint au personnel autoris\u00e9<\/li>\n\n\n\n<li>-\tProtocoles de communication s\u00e9curis\u00e9s et chiffrement<\/li>\n<\/ul>\n\n\n\n<h3 class=\"wp-block-heading\">7. Lien vers des sites Web de tiers<\/h3>\n\n\n\n<p>Notre site Web contient des liens et r\u00e9f\u00e9rences vers des sites Web de tier. Ces sites Web on leurs propres politiques de confidentialit\u00e9 distincte de les n\u00f4tres. Lorsque vous utilisez ces sites, nous n\u2019assumons aucune responsabilit\u00e9 quant \u00e0 l\u2019information que contient ces sites ainsi que les informations que vous pourriez partager sur ces sites.<\/p>\n\n\n\n<h3 class=\"wp-block-heading\">8. Acc\u00e8s et correction<\/h3>\n\n\n\n<p>Les clients peuvent demander l'acc\u00e8s \u00e0 leurs renseignements personnels et demander des corrections en nous contactant \u00e0 info@leblanclacroixcpa.ca. <a href=\"mailto:info@leblanclacroixcpa.ca\">info@leblanclacroixcpa.ca<\/a>.<\/p>\n\n\n\n<h3 class=\"wp-block-heading\">9. Conservation des donn\u00e9es<\/h3>\n\n\n\n<p>Nous conservons les renseignements personnels uniquement pendant la dur\u00e9e n\u00e9cessaire pour atteindre les objectifs identifi\u00e9s ou tel que requis par la loi.<\/p>\n\n\n\n<h3 class=\"wp-block-heading\">10. Plaintes<\/h3>\n\n\n\n<p>Les clients peuvent soumettre des plaintes concernant nos pratiques de confidentialit\u00e9 \u00e0 info@leblanclacroixcpa.ca. Nous r\u00e9pondrons rapidement et prendrons les mesures appropri\u00e9es. <a href=\"mailto:info@leblanclacroixcpa.ca\">info@leblanclacroixcpa.ca<\/a>. We will respond promptly and take appropriate action.<\/p>\n\n\n\n<h3 class=\"wp-block-heading\">10. Responsabilit\u00e9 limit\u00e9e<\/h3>\n\n\n\n<p>Bien que nous prenions toutes les mesures raisonnables pour prot\u00e9ger les informations personnelles, nous ne pouvons garantir une s\u00e9curit\u00e9 absolue, car il n\u2019existe aucune s\u00e9curit\u00e9 absolue dans un syst\u00e8me informatique ou une transmission \u00e9lectronique. Dans la mesure maximale permise par la loi, nous d\u00e9clinons toute responsabilit\u00e9 pour les dommages indirects, accessoires, cons\u00e9cutifs ou punitifs r\u00e9sultant de :<\/p>\n\n\n\n<ul class=\"wp-block-list\">\n<li>-\tAcc\u00e8s non autoris\u00e9 \u00e0 nos syst\u00e8mes ou utilisation de ceux-ci, y compris, sans s\u2019y limiter, le piratage, le phishing, les attaques par logiciels malveillants, le vol d\u2019identifiants ou l\u2019exploitation de vuln\u00e9rabilit\u00e9s logicielles,<\/li>\n\n\n\n<li>-\tViolations de donn\u00e9es caus\u00e9es par des actions de tiers \u00e9chappant \u00e0 notre contr\u00f4le,<\/li>\n\n\n\n<li>-\tToute perte ou corruption de donn\u00e9es lors de leur transmission sur Internet.<\/li>\n<\/ul>\n\n\n\n<h3 class=\"wp-block-heading\">11. Modifications de la politique<\/h3>\n\n\n\n<p>Cette politique peut \u00eatre mise \u00e0 jour p\u00e9riodiquement. Les modifications seront publi\u00e9es sur notre site web avec la date de mise \u00e0 jour.<\/p>\n\n\n\n<h3 class=\"wp-block-heading\">Coordonn\u00e9es<\/h3>\n\n\n\n<p>Courriel <a href=\"mailto:info@leblanclacroixcpa.ca\">info@leblanclacroixcpa.ca<\/a><br>Adresse: 310 Miwate Pvt, Unit\u00e9 100, Ottawa, ON, K1R 0E2<br>T\u00e9l\u00e9phone<\/p>\n\n\n\n<p><\/p>","protected":false},"excerpt":{"rendered":"<p>Last Updated: 2025-12-04 At LeBlanc Lacroix CPA we are committed to protecting the privacy and confidentiality of personal information in accordance with the Personal Information Protection and Electronic Documents Act (PIPEDA). Last Updated: 2025-12-04 1. Purpose This policy outlines how we collect, use, disclose, and safeguard personal information in the course of providing accounting, tax, [&hellip;]<\/p>\n","protected":false},"author":1,"featured_media":0,"parent":0,"menu_order":0,"comment_status":"closed","ping_status":"open","template":"","meta":{"om_disable_all_campaigns":false,"_monsterinsights_skip_tracking":false,"_monsterinsights_sitenote_active":false,"_monsterinsights_sitenote_note":"","_monsterinsights_sitenote_category":0,"_uf_show_specific_survey":0,"_uf_disable_surveys":false,"footnotes":""},"class_list":["post-3","page","type-page","status-publish","hentry"],"aioseo_notices":[],"_links":{"self":[{"href":"https:\/\/leblanclacroixcpa.ca\/fr\/wp-json\/wp\/v2\/pages\/3","targetHints":{"allow":["GET"]}}],"collection":[{"href":"https:\/\/leblanclacroixcpa.ca\/fr\/wp-json\/wp\/v2\/pages"}],"about":[{"href":"https:\/\/leblanclacroixcpa.ca\/fr\/wp-json\/wp\/v2\/types\/page"}],"author":[{"embeddable":true,"href":"https:\/\/leblanclacroixcpa.ca\/fr\/wp-json\/wp\/v2\/users\/1"}],"replies":[{"embeddable":true,"href":"https:\/\/leblanclacroixcpa.ca\/fr\/wp-json\/wp\/v2\/comments?post=3"}],"version-history":[{"count":1,"href":"https:\/\/leblanclacroixcpa.ca\/fr\/wp-json\/wp\/v2\/pages\/3\/revisions"}],"predecessor-version":[{"id":1190,"href":"https:\/\/leblanclacroixcpa.ca\/fr\/wp-json\/wp\/v2\/pages\/3\/revisions\/1190"}],"wp:attachment":[{"href":"https:\/\/leblanclacroixcpa.ca\/fr\/wp-json\/wp\/v2\/media?parent=3"}],"curies":[{"name":"wp","href":"https:\/\/api.w.org\/{rel}","templated":true}]}}