{"id":1149,"date":"2025-10-30T01:28:54","date_gmt":"2025-10-30T01:28:54","guid":{"rendered":"https:\/\/leblanclacroixcpa.ca\/?page_id=1149"},"modified":"2025-11-03T19:18:59","modified_gmt":"2025-11-03T19:18:59","slug":"thank-you","status":"publish","type":"page","link":"https:\/\/leblanclacroixcpa.ca\/fr\/thank-you\/","title":{"rendered":"Thank You"},"content":{"rendered":"<div data-elementor-type=\"wp-page\" data-elementor-id=\"1149\" class=\"elementor elementor-1149\" data-elementor-post-type=\"page\">\n\t\t\t\t<div class=\"elementor-element elementor-element-990f1cc e-flex e-con-boxed e-con e-parent\" data-id=\"990f1cc\" data-element_type=\"container\" data-e-type=\"container\" data-settings=\"{&quot;background_background&quot;:&quot;gradient&quot;}\">\n\t\t\t\t\t<div class=\"e-con-inner\">\n\t\t\t\t<div class=\"elementor-element elementor-element-48e5ba7 elementor-widget elementor-widget-heading\" data-id=\"48e5ba7\" data-element_type=\"widget\" data-e-type=\"widget\" data-widget_type=\"heading.default\">\n\t\t\t\t\t<h2 class=\"elementor-heading-title elementor-size-default\">Merci d'avoir demand\u00e9 un devis !<\/h2>\t\t\t\t<\/div>\n\t\t\t\t<div class=\"elementor-element elementor-element-33d856d elementor-widget elementor-widget-text-editor\" data-id=\"33d856d\" data-element_type=\"widget\" data-e-type=\"widget\" data-widget_type=\"text-editor.default\">\n\t\t\t\t\t\t\t\t\t<p class=\" translation-block\">Nous avons re\u00e7u vos informations et notre \u00e9quipe examine votre demande.<br data-start=\"348\" data-end=\"351\">Votre devis personnalis\u00e9 a \u00e9t\u00e9 envoy\u00e9 avec succ\u00e8s \u00e0 notre \u00e9quipe\u00a0; vous recevrez prochainement un e-mail de confirmation contenant tous les d\u00e9tails.<\/p>\t\t\t\t\t\t\t\t<\/div>\n\t\t\t\t\t<\/div>\n\t\t\t\t<\/div>\n\t\t\t\t<\/div>","protected":false},"excerpt":{"rendered":"<p>Thank You for Requesting Your Estimate! We\u2019ve received your details and our team is reviewing your request.Your personalized estimate has been successfully sent to our team \u2014 you\u2019ll receive a confirmation email shortly with all the details.<\/p>","protected":false},"author":1,"featured_media":0,"parent":0,"menu_order":0,"comment_status":"closed","ping_status":"closed","template":"","meta":{"om_disable_all_campaigns":false,"_monsterinsights_skip_tracking":false,"_monsterinsights_sitenote_active":false,"_monsterinsights_sitenote_note":"","_monsterinsights_sitenote_category":0,"_uf_show_specific_survey":0,"_uf_disable_surveys":false,"footnotes":""},"class_list":["post-1149","page","type-page","status-publish","hentry"],"aioseo_notices":[],"_links":{"self":[{"href":"https:\/\/leblanclacroixcpa.ca\/fr\/wp-json\/wp\/v2\/pages\/1149","targetHints":{"allow":["GET"]}}],"collection":[{"href":"https:\/\/leblanclacroixcpa.ca\/fr\/wp-json\/wp\/v2\/pages"}],"about":[{"href":"https:\/\/leblanclacroixcpa.ca\/fr\/wp-json\/wp\/v2\/types\/page"}],"author":[{"embeddable":true,"href":"https:\/\/leblanclacroixcpa.ca\/fr\/wp-json\/wp\/v2\/users\/1"}],"replies":[{"embeddable":true,"href":"https:\/\/leblanclacroixcpa.ca\/fr\/wp-json\/wp\/v2\/comments?post=1149"}],"version-history":[{"count":10,"href":"https:\/\/leblanclacroixcpa.ca\/fr\/wp-json\/wp\/v2\/pages\/1149\/revisions"}],"predecessor-version":[{"id":1175,"href":"https:\/\/leblanclacroixcpa.ca\/fr\/wp-json\/wp\/v2\/pages\/1149\/revisions\/1175"}],"wp:attachment":[{"href":"https:\/\/leblanclacroixcpa.ca\/fr\/wp-json\/wp\/v2\/media?parent=1149"}],"curies":[{"name":"wp","href":"https:\/\/api.w.org\/{rel}","templated":true}]}}